{"id":333,"date":"2020-12-17T08:31:52","date_gmt":"2020-12-17T08:31:52","guid":{"rendered":"https:\/\/laruchelacaugnaise.com\/?page_id=333"},"modified":"2020-12-17T08:33:05","modified_gmt":"2020-12-17T08:33:05","slug":"a-propos","status":"publish","type":"page","link":"https:\/\/laruchelacaugnaise.com\/?page_id=333","title":{"rendered":"A propos"},"content":{"rendered":"\n<p class=\"has-larger-font-size\"><strong>Informations l\u00e9gales<\/strong><\/p>\n\n\n\n<p><strong>La Ruche Lacaugnaise<\/strong> <\/p>\n\n\n\n<p>Siege social : Venerque 31<\/p>\n\n\n\n<p>Courrier \u00e9lectronique : laruchelacaugnaise@orange.fr<\/p>\n\n\n\n<p>SIREN : 414 573 493<\/p>\n\n\n\n<p>API : A5047393<\/p>\n\n\n\n<p>Hebergeur :Wevox 3 Rue de Franche Comt\u00e9 CS 50103 Cherbourg en Cotentin<\/p>\n\n\n\n<p>https:\/www.evxonline.com\/<\/p>\n\n\n\n<p>Dans le cadre de ce site, l\u2019utilisateur s\u2019engage \u00e0 respecter les droits d\u2019autrui, les bonnes m\u0153urs, l\u2019ordre public et les r\u00e8gles de biens\u00e9ance en usage.<\/p>\n\n\n\n<p><em><strong>Renseignements compl\u00e9mentaires<\/strong><\/em><\/p>\n\n\n\n<p>En application de la loi n\u00b0&nbsp;2004-575 du 21 juin 2004, les informations suivantes sont port\u00e9es \u00e0 votre connaissance&nbsp;:<\/p>\n\n\n\n<p>Les administrateurs du site La Ruche Lacaugnaise ne sont pas responsables du contenu des sites vers lesquels un lien est \u00e9tabli.<\/p>\n\n\n\n<p>Le site La Ruche Lacaugnaise respecte la l\u00e9gislation fran\u00e7aise en vigueur relative \u00e0 l\u2019informatique, aux fichiers et aux libert\u00e9s.<br>Conform\u00e9ment \u00e0 la loi en vigueur, le site n\u2019a pas fait l\u2019objet d\u2019une d\u00e9claration \u00e0 la&nbsp;<a href=\"https:\/\/www.cnil.fr\/\" target=\"_blank\" rel=\"noreferrer noopener\">CNIL<\/a>. Rappelons que depuis le 10 juillet 2006, la&nbsp;<a href=\"https:\/\/www.cnil.fr\/\" target=\"_blank\" rel=\"noreferrer noopener\">CNIL<\/a>&nbsp;a d\u00e9cid\u00e9 de supprimer l\u2019obligation de d\u00e9claration des sites internet.<\/p>\n\n\n\n<p>Aucun cookie n\u2019est g\u00e9n\u00e9r\u00e9 par la consultation du pr\u00e9sent site. Les appels re\u00e7us par le serveur font l\u2019objet d\u2019un recueil de donn\u00e9es en vue d\u2019\u00e9tablir des statistiques de fr\u00e9quentation, anonymes et exclusivement r\u00e9serv\u00e9es \u00e0 l\u2019usage du comit\u00e9 r\u00e9dacteur du site La Ruche Lacaugnaise.<\/p>\n\n\n\n<p><strong>Les donn\u00e9es recueillies ne font l\u2019objet d\u2019aucune transmission \u00e0 des tiers.<\/strong><\/p>\n\n\n\n<h2 class=\"wp-block-heading\"><strong>Donn\u00e9es Personnelles<\/strong><\/h2>\n\n\n\n<p>Le site La Ruche Lacaugnaise ne demande pas d\u2019enregistrement \u00e0 ses visiteurs, et ne proc\u00e8de \u00e0 aucun enregistrement nominatif pour la simple consultation de ses pages.<\/p>\n\n\n\n<h3 class=\"wp-block-heading\">Droits et devoirs<\/h3>\n\n\n\n<p>Dans tous les cas, l\u00b4utilisateur dispose des droits (d\u2019acc\u00e8s et de rectification, notamment) pr\u00e9vus par la loi 78-17 du 6 janvier 1978 dite \u00ab&nbsp;Informatique et Libert\u00e9s&nbsp;\u00bb.<\/p>\n\n\n\n<p>Pour l\u2019exercice de ces droits, l\u2019utilisateur est invit\u00e9 \u00e0 s\u2019adresser&nbsp;<a href=\"http:\/\/www.signaletique-image-design.com\/?page_id=58\">par courriel<\/a>.<\/p>\n\n\n\n<p>L\u2019utilisateur trouvera des informations sur ses droits et devoirs et sur la protection des donn\u00e9es individuelles sur le site de la Commission Nationale Informatique et Libert\u00e9s&nbsp;<a href=\"http:\/\/www.cnil.fr\/\" target=\"_blank\" rel=\"noreferrer noopener\">http:\/\/www.cnil.fr<\/a><\/p>\n\n\n\n<p>Les utilisateurs du site  La Ruche Lacaugnaise sont invit\u00e9s \u00e0 faire conna\u00eetre leurs remarques sur d\u00b4\u00e9ventuels dysfonctionnement du site au regard des libert\u00e9s individuelles.<\/p>\n","protected":false},"excerpt":{"rendered":"<p>Informations l\u00e9gales La Ruche Lacaugnaise Siege social : Venerque 31 Courrier \u00e9lectronique : laruchelacaugnaise@orange.fr SIREN : 414 573 493 API&hellip;<\/p>\n","protected":false},"author":1,"featured_media":0,"parent":0,"menu_order":0,"comment_status":"closed","ping_status":"closed","template":"","meta":{"footnotes":""},"yoast_head":"<!-- This site is optimized with the Yoast SEO plugin v22.6 - https:\/\/yoast.com\/wordpress\/plugins\/seo\/ -->\n<title>A propos - La Ruche Lacaugnaise<\/title>\n<meta name=\"robots\" content=\"index, follow, max-snippet:-1, max-image-preview:large, max-video-preview:-1\" \/>\n<link rel=\"canonical\" href=\"https:\/\/laruchelacaugnaise.com\/?page_id=333\" \/>\n<meta property=\"og:locale\" content=\"fr_FR\" \/>\n<meta property=\"og:type\" content=\"article\" \/>\n<meta property=\"og:title\" content=\"A propos - La Ruche Lacaugnaise\" \/>\n<meta property=\"og:description\" content=\"Informations l\u00e9gales La Ruche Lacaugnaise Siege social : Venerque 31 Courrier \u00e9lectronique : laruchelacaugnaise@orange.fr SIREN : 414 573 493 API&hellip;\" \/>\n<meta property=\"og:url\" content=\"https:\/\/laruchelacaugnaise.com\/?page_id=333\" \/>\n<meta property=\"og:site_name\" content=\"La Ruche Lacaugnaise\" \/>\n<meta property=\"article:modified_time\" content=\"2020-12-17T08:33:05+00:00\" \/>\n<meta name=\"twitter:card\" content=\"summary_large_image\" \/>\n<meta name=\"twitter:label1\" content=\"Dur\u00e9e de lecture estim\u00e9e\" \/>\n\t<meta name=\"twitter:data1\" content=\"2 minutes\" \/>\n<script type=\"application\/ld+json\" class=\"yoast-schema-graph\">{\"@context\":\"https:\/\/schema.org\",\"@graph\":[{\"@type\":\"WebPage\",\"@id\":\"https:\/\/laruchelacaugnaise.com\/?page_id=333\",\"url\":\"https:\/\/laruchelacaugnaise.com\/?page_id=333\",\"name\":\"A propos - La Ruche Lacaugnaise\",\"isPartOf\":{\"@id\":\"https:\/\/laruchelacaugnaise.com\/#website\"},\"datePublished\":\"2020-12-17T08:31:52+00:00\",\"dateModified\":\"2020-12-17T08:33:05+00:00\",\"breadcrumb\":{\"@id\":\"https:\/\/laruchelacaugnaise.com\/?page_id=333#breadcrumb\"},\"inLanguage\":\"fr-FR\",\"potentialAction\":[{\"@type\":\"ReadAction\",\"target\":[\"https:\/\/laruchelacaugnaise.com\/?page_id=333\"]}]},{\"@type\":\"BreadcrumbList\",\"@id\":\"https:\/\/laruchelacaugnaise.com\/?page_id=333#breadcrumb\",\"itemListElement\":[{\"@type\":\"ListItem\",\"position\":1,\"name\":\"Home\",\"item\":\"https:\/\/laruchelacaugnaise.com\/\"},{\"@type\":\"ListItem\",\"position\":2,\"name\":\"A propos\"}]},{\"@type\":\"WebSite\",\"@id\":\"https:\/\/laruchelacaugnaise.com\/#website\",\"url\":\"https:\/\/laruchelacaugnaise.com\/\",\"name\":\"La Ruche Lacaugnaise\",\"description\":\"Le v\u00e9ritable gout d&#039;un miel naturel issu d&#039;une apiculture responsable de l&#039;environnement et du bien etre des abeilles .   Et parfois une touche de fantaisie dans certaines cr\u00e9ations originales ...\",\"publisher\":{\"@id\":\"https:\/\/laruchelacaugnaise.com\/#\/schema\/person\/b19b6ef33840edd313c319057354f196\"},\"potentialAction\":[{\"@type\":\"SearchAction\",\"target\":{\"@type\":\"EntryPoint\",\"urlTemplate\":\"https:\/\/laruchelacaugnaise.com\/?s={search_term_string}\"},\"query-input\":\"required name=search_term_string\"}],\"inLanguage\":\"fr-FR\"},{\"@type\":[\"Person\",\"Organization\"],\"@id\":\"https:\/\/laruchelacaugnaise.com\/#\/schema\/person\/b19b6ef33840edd313c319057354f196\",\"name\":\"admin\",\"image\":{\"@type\":\"ImageObject\",\"inLanguage\":\"fr-FR\",\"@id\":\"https:\/\/laruchelacaugnaise.com\/#\/schema\/person\/image\/\",\"url\":\"https:\/\/secure.gravatar.com\/avatar\/0c1038ed4facac5f8761587dc8856dc8?s=96&d=mm&r=g\",\"contentUrl\":\"https:\/\/secure.gravatar.com\/avatar\/0c1038ed4facac5f8761587dc8856dc8?s=96&d=mm&r=g\",\"caption\":\"admin\"},\"logo\":{\"@id\":\"https:\/\/laruchelacaugnaise.com\/#\/schema\/person\/image\/\"},\"sameAs\":[\"https:\/\/laruchelacaugnaise.com\"]}]}<\/script>\n<!-- \/ Yoast SEO plugin. -->","yoast_head_json":{"title":"A propos - La Ruche Lacaugnaise","robots":{"index":"index","follow":"follow","max-snippet":"max-snippet:-1","max-image-preview":"max-image-preview:large","max-video-preview":"max-video-preview:-1"},"canonical":"https:\/\/laruchelacaugnaise.com\/?page_id=333","og_locale":"fr_FR","og_type":"article","og_title":"A propos - La Ruche Lacaugnaise","og_description":"Informations l\u00e9gales La Ruche Lacaugnaise Siege social : Venerque 31 Courrier \u00e9lectronique : laruchelacaugnaise@orange.fr SIREN : 414 573 493 API&hellip;","og_url":"https:\/\/laruchelacaugnaise.com\/?page_id=333","og_site_name":"La Ruche Lacaugnaise","article_modified_time":"2020-12-17T08:33:05+00:00","twitter_card":"summary_large_image","twitter_misc":{"Dur\u00e9e de lecture estim\u00e9e":"2 minutes"},"schema":{"@context":"https:\/\/schema.org","@graph":[{"@type":"WebPage","@id":"https:\/\/laruchelacaugnaise.com\/?page_id=333","url":"https:\/\/laruchelacaugnaise.com\/?page_id=333","name":"A propos - La Ruche Lacaugnaise","isPartOf":{"@id":"https:\/\/laruchelacaugnaise.com\/#website"},"datePublished":"2020-12-17T08:31:52+00:00","dateModified":"2020-12-17T08:33:05+00:00","breadcrumb":{"@id":"https:\/\/laruchelacaugnaise.com\/?page_id=333#breadcrumb"},"inLanguage":"fr-FR","potentialAction":[{"@type":"ReadAction","target":["https:\/\/laruchelacaugnaise.com\/?page_id=333"]}]},{"@type":"BreadcrumbList","@id":"https:\/\/laruchelacaugnaise.com\/?page_id=333#breadcrumb","itemListElement":[{"@type":"ListItem","position":1,"name":"Home","item":"https:\/\/laruchelacaugnaise.com\/"},{"@type":"ListItem","position":2,"name":"A propos"}]},{"@type":"WebSite","@id":"https:\/\/laruchelacaugnaise.com\/#website","url":"https:\/\/laruchelacaugnaise.com\/","name":"La Ruche Lacaugnaise","description":"Le v\u00e9ritable gout d&#039;un miel naturel issu d&#039;une apiculture responsable de l&#039;environnement et du bien etre des abeilles .   Et parfois une touche de fantaisie dans certaines cr\u00e9ations originales ...","publisher":{"@id":"https:\/\/laruchelacaugnaise.com\/#\/schema\/person\/b19b6ef33840edd313c319057354f196"},"potentialAction":[{"@type":"SearchAction","target":{"@type":"EntryPoint","urlTemplate":"https:\/\/laruchelacaugnaise.com\/?s={search_term_string}"},"query-input":"required name=search_term_string"}],"inLanguage":"fr-FR"},{"@type":["Person","Organization"],"@id":"https:\/\/laruchelacaugnaise.com\/#\/schema\/person\/b19b6ef33840edd313c319057354f196","name":"admin","image":{"@type":"ImageObject","inLanguage":"fr-FR","@id":"https:\/\/laruchelacaugnaise.com\/#\/schema\/person\/image\/","url":"https:\/\/secure.gravatar.com\/avatar\/0c1038ed4facac5f8761587dc8856dc8?s=96&d=mm&r=g","contentUrl":"https:\/\/secure.gravatar.com\/avatar\/0c1038ed4facac5f8761587dc8856dc8?s=96&d=mm&r=g","caption":"admin"},"logo":{"@id":"https:\/\/laruchelacaugnaise.com\/#\/schema\/person\/image\/"},"sameAs":["https:\/\/laruchelacaugnaise.com"]}]}},"_links":{"self":[{"href":"https:\/\/laruchelacaugnaise.com\/index.php?rest_route=\/wp\/v2\/pages\/333"}],"collection":[{"href":"https:\/\/laruchelacaugnaise.com\/index.php?rest_route=\/wp\/v2\/pages"}],"about":[{"href":"https:\/\/laruchelacaugnaise.com\/index.php?rest_route=\/wp\/v2\/types\/page"}],"author":[{"embeddable":true,"href":"https:\/\/laruchelacaugnaise.com\/index.php?rest_route=\/wp\/v2\/users\/1"}],"replies":[{"embeddable":true,"href":"https:\/\/laruchelacaugnaise.com\/index.php?rest_route=%2Fwp%2Fv2%2Fcomments&post=333"}],"version-history":[{"count":2,"href":"https:\/\/laruchelacaugnaise.com\/index.php?rest_route=\/wp\/v2\/pages\/333\/revisions"}],"predecessor-version":[{"id":335,"href":"https:\/\/laruchelacaugnaise.com\/index.php?rest_route=\/wp\/v2\/pages\/333\/revisions\/335"}],"wp:attachment":[{"href":"https:\/\/laruchelacaugnaise.com\/index.php?rest_route=%2Fwp%2Fv2%2Fmedia&parent=333"}],"curies":[{"name":"wp","href":"https:\/\/api.w.org\/{rel}","templated":true}]}}