{"id":322,"date":"2020-12-16T07:14:32","date_gmt":"2020-12-16T07:14:32","guid":{"rendered":"https:\/\/laruchelacaugnaise.com\/?page_id=322"},"modified":"2023-12-24T10:58:10","modified_gmt":"2023-12-24T10:58:10","slug":"tarif-2020","status":"publish","type":"page","link":"https:\/\/laruchelacaugnaise.com\/?page_id=322","title":{"rendered":"Tarif 2023"},"content":{"rendered":"\n<table id=\"tablepress-1\" class=\"tablepress tablepress-id-1\">\n<thead>\n<tr class=\"row-1 odd\">\n\t<th class=\"column-1\"><img loading=\"lazy\" decoding=\"async\" src=\"https:\/\/laruchelacaugnaise.com\/wp-content\/uploads\/2023\/11\/Miel-Toutes-Fleurs-224x300.jpg\" alt=\"\" width=\"224\" height=\"300\" class=\"alignnone size-medium wp-image-535\" srcset=\"https:\/\/laruchelacaugnaise.com\/wp-content\/uploads\/2023\/11\/Miel-Toutes-Fleurs-224x300.jpg 224w, https:\/\/laruchelacaugnaise.com\/wp-content\/uploads\/2023\/11\/Miel-Toutes-Fleurs-765x1024.jpg 765w, https:\/\/laruchelacaugnaise.com\/wp-content\/uploads\/2023\/11\/Miel-Toutes-Fleurs-768x1027.jpg 768w, https:\/\/laruchelacaugnaise.com\/wp-content\/uploads\/2023\/11\/Miel-Toutes-Fleurs-1148x1536.jpg 1148w, https:\/\/laruchelacaugnaise.com\/wp-content\/uploads\/2023\/11\/Miel-Toutes-Fleurs-1531x2048.jpg 1531w, https:\/\/laruchelacaugnaise.com\/wp-content\/uploads\/2023\/11\/Miel-Toutes-Fleurs-1920x2568.jpg 1920w, https:\/\/laruchelacaugnaise.com\/wp-content\/uploads\/2023\/11\/Miel-Toutes-Fleurs-350x468.jpg 350w, https:\/\/laruchelacaugnaise.com\/wp-content\/uploads\/2023\/11\/Miel-Toutes-Fleurs-700x936.jpg 700w, https:\/\/laruchelacaugnaise.com\/wp-content\/uploads\/2023\/11\/Miel-Toutes-Fleurs-600x803.jpg 600w, https:\/\/laruchelacaugnaise.com\/wp-content\/uploads\/2023\/11\/Miel-Toutes-Fleurs-scaled.jpg 1914w\" sizes=\"(max-width: 224px) 100vw, 224px\" \/><\/th><th class=\"column-2\">Miel Toutes Fleurs<\/th><th class=\"column-3\">7 \u20ac<\/th><th class=\"column-4\"><a href=\"https:\/\/laruchelacaugnaise.com\/?page_id=275\">commander<\/a><\/th>\n<\/tr>\n<\/thead>\n<tbody class=\"row-hover\">\n<tr class=\"row-2 even\">\n\t<td class=\"column-1\"><img loading=\"lazy\" decoding=\"async\" src=\"https:\/\/laruchelacaugnaise.com\/wp-content\/uploads\/2023\/11\/Miel-cremeux-235x300.jpg\" alt=\"\" width=\"235\" height=\"300\" class=\"alignnone size-medium wp-image-534\" srcset=\"https:\/\/laruchelacaugnaise.com\/wp-content\/uploads\/2023\/11\/Miel-cremeux-235x300.jpg 235w, https:\/\/laruchelacaugnaise.com\/wp-content\/uploads\/2023\/11\/Miel-cremeux-803x1024.jpg 803w, https:\/\/laruchelacaugnaise.com\/wp-content\/uploads\/2023\/11\/Miel-cremeux-768x979.jpg 768w, https:\/\/laruchelacaugnaise.com\/wp-content\/uploads\/2023\/11\/Miel-cremeux-1205x1536.jpg 1205w, https:\/\/laruchelacaugnaise.com\/wp-content\/uploads\/2023\/11\/Miel-cremeux-1607x2048.jpg 1607w, https:\/\/laruchelacaugnaise.com\/wp-content\/uploads\/2023\/11\/Miel-cremeux-1920x2447.jpg 1920w, https:\/\/laruchelacaugnaise.com\/wp-content\/uploads\/2023\/11\/Miel-cremeux-350x446.jpg 350w, https:\/\/laruchelacaugnaise.com\/wp-content\/uploads\/2023\/11\/Miel-cremeux-700x892.jpg 700w, https:\/\/laruchelacaugnaise.com\/wp-content\/uploads\/2023\/11\/Miel-cremeux-600x765.jpg 600w, https:\/\/laruchelacaugnaise.com\/wp-content\/uploads\/2023\/11\/Miel-cremeux-scaled.jpg 2009w\" sizes=\"(max-width: 235px) 100vw, 235px\" \/><\/td><td class=\"column-2\">Miel Cr\u00e9meux<\/td><td class=\"column-3\">7 \u20ac<\/td><td class=\"column-4\"><a href=\"https:\/\/laruchelacaugnaise.com\/?page_id=275\">commander<\/a><\/td>\n<\/tr>\n<tr class=\"row-3 odd\">\n\t<td class=\"column-1\"><img loading=\"lazy\" decoding=\"async\" src=\"https:\/\/laruchelacaugnaise.com\/wp-content\/uploads\/2023\/12\/Delice-Ecureuil-216x300.jpg\" alt=\"\" width=\"216\" height=\"300\" class=\"alignnone size-medium wp-image-584\" srcset=\"https:\/\/laruchelacaugnaise.com\/wp-content\/uploads\/2023\/12\/Delice-Ecureuil-216x300.jpg 216w, https:\/\/laruchelacaugnaise.com\/wp-content\/uploads\/2023\/12\/Delice-Ecureuil-737x1024.jpg 737w, https:\/\/laruchelacaugnaise.com\/wp-content\/uploads\/2023\/12\/Delice-Ecureuil-768x1067.jpg 768w, https:\/\/laruchelacaugnaise.com\/wp-content\/uploads\/2023\/12\/Delice-Ecureuil-1106x1536.jpg 1106w, https:\/\/laruchelacaugnaise.com\/wp-content\/uploads\/2023\/12\/Delice-Ecureuil-1474x2048.jpg 1474w, https:\/\/laruchelacaugnaise.com\/wp-content\/uploads\/2023\/12\/Delice-Ecureuil-1920x2667.jpg 1920w, https:\/\/laruchelacaugnaise.com\/wp-content\/uploads\/2023\/12\/Delice-Ecureuil-350x486.jpg 350w, https:\/\/laruchelacaugnaise.com\/wp-content\/uploads\/2023\/12\/Delice-Ecureuil-700x972.jpg 700w, https:\/\/laruchelacaugnaise.com\/wp-content\/uploads\/2023\/12\/Delice-Ecureuil-600x834.jpg 600w, https:\/\/laruchelacaugnaise.com\/wp-content\/uploads\/2023\/12\/Delice-Ecureuil-scaled.jpg 1843w\" sizes=\"(max-width: 216px) 100vw, 216px\" \/><\/td><td class=\"column-2\">Gourmandise de l'Ecureuil<\/td><td class=\"column-3\">10 <\/td><td class=\"column-4\"><a href=\"https:\/\/laruchelacaugnaise.com\/?page_id=275\">commander<\/a><\/td>\n<\/tr>\n<tr class=\"row-4 even\">\n\t<td class=\"column-1\"><img loading=\"lazy\" decoding=\"async\" src=\"https:\/\/laruchelacaugnaise.com\/wp-content\/uploads\/2020\/12\/Miel-aux-noix-amandes-261x300.jpg\" alt=\"\" width=\"261\" height=\"300\" class=\"alignnone size-medium wp-image-528\" srcset=\"https:\/\/laruchelacaugnaise.com\/wp-content\/uploads\/2020\/12\/Miel-aux-noix-amandes-261x300.jpg 261w, https:\/\/laruchelacaugnaise.com\/wp-content\/uploads\/2020\/12\/Miel-aux-noix-amandes-891x1024.jpg 891w, https:\/\/laruchelacaugnaise.com\/wp-content\/uploads\/2020\/12\/Miel-aux-noix-amandes-768x882.jpg 768w, https:\/\/laruchelacaugnaise.com\/wp-content\/uploads\/2020\/12\/Miel-aux-noix-amandes-1337x1536.jpg 1337w, https:\/\/laruchelacaugnaise.com\/wp-content\/uploads\/2020\/12\/Miel-aux-noix-amandes-1782x2048.jpg 1782w, https:\/\/laruchelacaugnaise.com\/wp-content\/uploads\/2020\/12\/Miel-aux-noix-amandes-1920x2206.jpg 1920w, https:\/\/laruchelacaugnaise.com\/wp-content\/uploads\/2020\/12\/Miel-aux-noix-amandes-350x402.jpg 350w, https:\/\/laruchelacaugnaise.com\/wp-content\/uploads\/2020\/12\/Miel-aux-noix-amandes-700x804.jpg 700w, https:\/\/laruchelacaugnaise.com\/wp-content\/uploads\/2020\/12\/Miel-aux-noix-amandes-600x689.jpg 600w\" sizes=\"(max-width: 261px) 100vw, 261px\" \/><\/td><td class=\"column-2\">Miel Noix-Amandes<\/td><td class=\"column-3\">9 \u20ac<\/td><td class=\"column-4\"><a href=\"https:\/\/laruchelacaugnaise.com\/?page_id=275\">commander<\/a><\/td>\n<\/tr>\n<tr class=\"row-5 odd\">\n\t<td class=\"column-1\"><img loading=\"lazy\" decoding=\"async\" src=\"https:\/\/laruchelacaugnaise.com\/wp-content\/uploads\/2020\/12\/Piment-1-1-225x300.jpg\" alt=\"\" width=\"225\" height=\"300\" class=\"alignnone size-medium wp-image-100\" srcset=\"https:\/\/laruchelacaugnaise.com\/wp-content\/uploads\/2020\/12\/Piment-1-1-225x300.jpg 225w, https:\/\/laruchelacaugnaise.com\/wp-content\/uploads\/2020\/12\/Piment-1-1-scaled-600x800.jpg 600w, https:\/\/laruchelacaugnaise.com\/wp-content\/uploads\/2020\/12\/Piment-1-1-768x1024.jpg 768w, https:\/\/laruchelacaugnaise.com\/wp-content\/uploads\/2020\/12\/Piment-1-1-1152x1536.jpg 1152w, https:\/\/laruchelacaugnaise.com\/wp-content\/uploads\/2020\/12\/Piment-1-1-1536x2048.jpg 1536w, https:\/\/laruchelacaugnaise.com\/wp-content\/uploads\/2020\/12\/Piment-1-1-scaled.jpg 1920w\" sizes=\"(max-width: 225px) 100vw, 225px\" \/><\/td><td class=\"column-2\">Miel Piment d'Espelette<\/td><td class=\"column-3\">4,90 \u20ac<\/td><td class=\"column-4\"><a href=\"https:\/\/laruchelacaugnaise.com\/?page_id=275\">commander<\/a><\/td>\n<\/tr>\n<tr class=\"row-6 even\">\n\t<td class=\"column-1\"><img loading=\"lazy\" decoding=\"async\" src=\"https:\/\/laruchelacaugnaise.com\/wp-content\/uploads\/2023\/12\/mIEL-EPICES-230x300.jpg\" alt=\"\" width=\"230\" height=\"300\" class=\"alignnone size-medium wp-image-586\" srcset=\"https:\/\/laruchelacaugnaise.com\/wp-content\/uploads\/2023\/12\/mIEL-EPICES-230x300.jpg 230w, https:\/\/laruchelacaugnaise.com\/wp-content\/uploads\/2023\/12\/mIEL-EPICES-785x1024.jpg 785w, https:\/\/laruchelacaugnaise.com\/wp-content\/uploads\/2023\/12\/mIEL-EPICES-768x1002.jpg 768w, https:\/\/laruchelacaugnaise.com\/wp-content\/uploads\/2023\/12\/mIEL-EPICES-1177x1536.jpg 1177w, https:\/\/laruchelacaugnaise.com\/wp-content\/uploads\/2023\/12\/mIEL-EPICES-1569x2048.jpg 1569w, https:\/\/laruchelacaugnaise.com\/wp-content\/uploads\/2023\/12\/mIEL-EPICES-1920x2506.jpg 1920w, https:\/\/laruchelacaugnaise.com\/wp-content\/uploads\/2023\/12\/mIEL-EPICES-350x457.jpg 350w, https:\/\/laruchelacaugnaise.com\/wp-content\/uploads\/2023\/12\/mIEL-EPICES-700x914.jpg 700w, https:\/\/laruchelacaugnaise.com\/wp-content\/uploads\/2023\/12\/mIEL-EPICES-600x783.jpg 600w, https:\/\/laruchelacaugnaise.com\/wp-content\/uploads\/2023\/12\/mIEL-EPICES-scaled.jpg 1961w\" sizes=\"(max-width: 230px) 100vw, 230px\" \/><\/td><td class=\"column-2\">Miel aux Epices<\/td><td class=\"column-3\">9 \u20ac<\/td><td class=\"column-4\"><a href=\"https:\/\/laruchelacaugnaise.com\/?page_id=275\">commander<\/a><\/td>\n<\/tr>\n<tr class=\"row-7 odd\">\n\t<td class=\"column-1\"><img loading=\"lazy\" decoding=\"async\" src=\"https:\/\/laruchelacaugnaise.com\/wp-content\/uploads\/2020\/12\/Kdo-1-225x300.jpg\" alt=\"\" width=\"225\" height=\"300\" class=\"alignnone size-medium wp-image-108\" srcset=\"https:\/\/laruchelacaugnaise.com\/wp-content\/uploads\/2020\/12\/Kdo-1-225x300.jpg 225w, https:\/\/laruchelacaugnaise.com\/wp-content\/uploads\/2020\/12\/Kdo-1-scaled-600x800.jpg 600w, https:\/\/laruchelacaugnaise.com\/wp-content\/uploads\/2020\/12\/Kdo-1-768x1024.jpg 768w, https:\/\/laruchelacaugnaise.com\/wp-content\/uploads\/2020\/12\/Kdo-1-1152x1536.jpg 1152w, https:\/\/laruchelacaugnaise.com\/wp-content\/uploads\/2020\/12\/Kdo-1-1536x2048.jpg 1536w, https:\/\/laruchelacaugnaise.com\/wp-content\/uploads\/2020\/12\/Kdo-1-scaled.jpg 1920w\" sizes=\"(max-width: 225px) 100vw, 225px\" \/><\/td><td class=\"column-2\">Coffret Cadeaux<\/td><td class=\"column-3\">30 \u20ac<\/td><td class=\"column-4\"><a href=\"https:\/\/laruchelacaugnaise.com\/?page_id=275\">commander<\/a><\/td>\n<\/tr>\n<tr class=\"row-8 even\">\n\t<td class=\"column-1\"><img loading=\"lazy\" decoding=\"async\" src=\"https:\/\/laruchelacaugnaise.com\/wp-content\/uploads\/2021\/05\/Miel-violette-3-268x300.jpg\" alt=\"\" width=\"268\" height=\"300\" class=\"alignnone size-medium wp-image-467\" srcset=\"https:\/\/laruchelacaugnaise.com\/wp-content\/uploads\/2021\/05\/Miel-violette-3-268x300.jpg 268w, https:\/\/laruchelacaugnaise.com\/wp-content\/uploads\/2021\/05\/Miel-violette-3-914x1024.jpg 914w, https:\/\/laruchelacaugnaise.com\/wp-content\/uploads\/2021\/05\/Miel-violette-3-768x860.jpg 768w, https:\/\/laruchelacaugnaise.com\/wp-content\/uploads\/2021\/05\/Miel-violette-3-1371x1536.jpg 1371w, https:\/\/laruchelacaugnaise.com\/wp-content\/uploads\/2021\/05\/Miel-violette-3-350x392.jpg 350w, https:\/\/laruchelacaugnaise.com\/wp-content\/uploads\/2021\/05\/Miel-violette-3-700x784.jpg 700w, https:\/\/laruchelacaugnaise.com\/wp-content\/uploads\/2021\/05\/Miel-violette-3-600x672.jpg 600w, https:\/\/laruchelacaugnaise.com\/wp-content\/uploads\/2021\/05\/Miel-violette-3.jpg 1634w\" sizes=\"(max-width: 268px) 100vw, 268px\" \/><\/td><td class=\"column-2\">Les R\u00e9-Cr\u00e9ations Miel \u00e0 la Violette<\/td><td class=\"column-3\">7 \u20ac<\/td><td class=\"column-4\"><a href=\"https:\/\/laruchelacaugnaise.com\/?page_id=275\">Contact-Commande<\/a><\/td>\n<\/tr>\n<tr class=\"row-9 odd\">\n\t<td class=\"column-1\"><img loading=\"lazy\" decoding=\"async\" src=\"https:\/\/laruchelacaugnaise.com\/wp-content\/uploads\/2021\/05\/Miel-agrumes-3-292x300.jpg\" alt=\"\" width=\"292\" height=\"300\" class=\"alignnone size-medium wp-image-474\" srcset=\"https:\/\/laruchelacaugnaise.com\/wp-content\/uploads\/2021\/05\/Miel-agrumes-3-292x300.jpg 292w, https:\/\/laruchelacaugnaise.com\/wp-content\/uploads\/2021\/05\/Miel-agrumes-3-997x1024.jpg 997w, https:\/\/laruchelacaugnaise.com\/wp-content\/uploads\/2021\/05\/Miel-agrumes-3-768x789.jpg 768w, https:\/\/laruchelacaugnaise.com\/wp-content\/uploads\/2021\/05\/Miel-agrumes-3-1495x1536.jpg 1495w, https:\/\/laruchelacaugnaise.com\/wp-content\/uploads\/2021\/05\/Miel-agrumes-3-350x360.jpg 350w, https:\/\/laruchelacaugnaise.com\/wp-content\/uploads\/2021\/05\/Miel-agrumes-3-700x719.jpg 700w, https:\/\/laruchelacaugnaise.com\/wp-content\/uploads\/2021\/05\/Miel-agrumes-3-600x616.jpg 600w, https:\/\/laruchelacaugnaise.com\/wp-content\/uploads\/2021\/05\/Miel-agrumes-3.jpg 1829w\" sizes=\"(max-width: 292px) 100vw, 292px\" \/><\/td><td class=\"column-2\">Les R\u00e9-cr\u00e9ations Miel aux Agrumes<\/td><td class=\"column-3\">7 \u20ac<\/td><td class=\"column-4\"><a href=\"https:\/\/laruchelacaugnaise.com\/?page_id<a href=\"https:\/\/laruchelacaugnaise.com\/?page_id=275\">commander<\/a>=275\">Contact-Commande<\/a><\/td>\n<\/tr>\n<tr class=\"row-10 even\">\n\t<td class=\"column-1\"><\/td><td class=\"column-2\"><\/td><td class=\"column-3\"><\/td><td class=\"column-4\"><a href=\"https:\/\/laruchelacaugnaise.com\/?page_id=<a href=\"https:\/\/laruchelacaugnaise.com\/?page_id=275\">commander<\/a>275\">Contact-Commande<\/a><\/td>\n<\/tr>\n<tr class=\"row-11 odd\">\n\t<td class=\"column-1\"><img loading=\"lazy\" decoding=\"async\" src=\"https:\/\/laruchelacaugnaise.com\/wp-content\/uploads\/2021\/05\/Miel-Fleur-dOranger-282x300.jpg\" alt=\"\" width=\"282\" height=\"300\" class=\"alignnone size-medium wp-image-480\" srcset=\"https:\/\/laruchelacaugnaise.com\/wp-content\/uploads\/2021\/05\/Miel-Fleur-dOranger-282x300.jpg 282w, https:\/\/laruchelacaugnaise.com\/wp-content\/uploads\/2021\/05\/Miel-Fleur-dOranger-963x1024.jpg 963w, https:\/\/laruchelacaugnaise.com\/wp-content\/uploads\/2021\/05\/Miel-Fleur-dOranger-768x817.jpg 768w, https:\/\/laruchelacaugnaise.com\/wp-content\/uploads\/2021\/05\/Miel-Fleur-dOranger-1444x1536.jpg 1444w, https:\/\/laruchelacaugnaise.com\/wp-content\/uploads\/2021\/05\/Miel-Fleur-dOranger-1926x2048.jpg 1926w, https:\/\/laruchelacaugnaise.com\/wp-content\/uploads\/2021\/05\/Miel-Fleur-dOranger-1920x2042.jpg 1920w, https:\/\/laruchelacaugnaise.com\/wp-content\/uploads\/2021\/05\/Miel-Fleur-dOranger-350x372.jpg 350w, https:\/\/laruchelacaugnaise.com\/wp-content\/uploads\/2021\/05\/Miel-Fleur-dOranger-700x745.jpg 700w, https:\/\/laruchelacaugnaise.com\/wp-content\/uploads\/2021\/05\/Miel-Fleur-dOranger-600x638.jpg 600w\" sizes=\"(max-width: 282px) 100vw, 282px\" \/><\/td><td class=\"column-2\">Les R\u00e9-cr\u00e9ations Miel Fleur d'Oranger<\/td><td class=\"column-3\">7 \u20ac<\/td><td class=\"column-4\"><a href=\"https:\/\/laruchelacaugnaise.com\/?<a href=\"https:\/\/laruchelacaugnaise.com\/?page_id=275\">commander<\/a>page_id=275\">Contact-Commande<\/a><\/td>\n<\/tr>\n<\/tbody>\n<\/table>\n<!-- #tablepress-1 from cache -->\n\n\n\n<p><\/p>\n","protected":false},"excerpt":{"rendered":"","protected":false},"author":1,"featured_media":0,"parent":0,"menu_order":0,"comment_status":"closed","ping_status":"closed","template":"","meta":{"footnotes":""},"yoast_head":"<!-- This site is optimized with the Yoast SEO plugin v22.6 - https:\/\/yoast.com\/wordpress\/plugins\/seo\/ -->\n<title>Tarif 2023 - La Ruche Lacaugnaise<\/title>\n<meta name=\"robots\" content=\"index, follow, max-snippet:-1, max-image-preview:large, max-video-preview:-1\" \/>\n<link rel=\"canonical\" href=\"https:\/\/laruchelacaugnaise.com\/?page_id=322\" \/>\n<meta property=\"og:locale\" content=\"fr_FR\" \/>\n<meta property=\"og:type\" content=\"article\" \/>\n<meta property=\"og:title\" content=\"Tarif 2023 - La Ruche Lacaugnaise\" \/>\n<meta property=\"og:url\" content=\"https:\/\/laruchelacaugnaise.com\/?page_id=322\" \/>\n<meta property=\"og:site_name\" content=\"La Ruche Lacaugnaise\" \/>\n<meta property=\"article:modified_time\" content=\"2023-12-24T10:58:10+00:00\" \/>\n<meta name=\"twitter:card\" content=\"summary_large_image\" \/>\n<meta name=\"twitter:label1\" content=\"Dur\u00e9e de lecture estim\u00e9e\" \/>\n\t<meta name=\"twitter:data1\" content=\"1 minute\" \/>\n<script type=\"application\/ld+json\" class=\"yoast-schema-graph\">{\"@context\":\"https:\/\/schema.org\",\"@graph\":[{\"@type\":\"WebPage\",\"@id\":\"https:\/\/laruchelacaugnaise.com\/?page_id=322\",\"url\":\"https:\/\/laruchelacaugnaise.com\/?page_id=322\",\"name\":\"Tarif 2023 - La Ruche Lacaugnaise\",\"isPartOf\":{\"@id\":\"https:\/\/laruchelacaugnaise.com\/#website\"},\"datePublished\":\"2020-12-16T07:14:32+00:00\",\"dateModified\":\"2023-12-24T10:58:10+00:00\",\"breadcrumb\":{\"@id\":\"https:\/\/laruchelacaugnaise.com\/?page_id=322#breadcrumb\"},\"inLanguage\":\"fr-FR\",\"potentialAction\":[{\"@type\":\"ReadAction\",\"target\":[\"https:\/\/laruchelacaugnaise.com\/?page_id=322\"]}]},{\"@type\":\"BreadcrumbList\",\"@id\":\"https:\/\/laruchelacaugnaise.com\/?page_id=322#breadcrumb\",\"itemListElement\":[{\"@type\":\"ListItem\",\"position\":1,\"name\":\"Home\",\"item\":\"https:\/\/laruchelacaugnaise.com\/\"},{\"@type\":\"ListItem\",\"position\":2,\"name\":\"Tarif 2023\"}]},{\"@type\":\"WebSite\",\"@id\":\"https:\/\/laruchelacaugnaise.com\/#website\",\"url\":\"https:\/\/laruchelacaugnaise.com\/\",\"name\":\"La Ruche Lacaugnaise\",\"description\":\"Le v\u00e9ritable gout d&#039;un miel naturel issu d&#039;une apiculture responsable de l&#039;environnement et du bien etre des abeilles .   Et parfois une touche de fantaisie dans certaines cr\u00e9ations originales ...\",\"publisher\":{\"@id\":\"https:\/\/laruchelacaugnaise.com\/#\/schema\/person\/b19b6ef33840edd313c319057354f196\"},\"potentialAction\":[{\"@type\":\"SearchAction\",\"target\":{\"@type\":\"EntryPoint\",\"urlTemplate\":\"https:\/\/laruchelacaugnaise.com\/?s={search_term_string}\"},\"query-input\":\"required name=search_term_string\"}],\"inLanguage\":\"fr-FR\"},{\"@type\":[\"Person\",\"Organization\"],\"@id\":\"https:\/\/laruchelacaugnaise.com\/#\/schema\/person\/b19b6ef33840edd313c319057354f196\",\"name\":\"admin\",\"image\":{\"@type\":\"ImageObject\",\"inLanguage\":\"fr-FR\",\"@id\":\"https:\/\/laruchelacaugnaise.com\/#\/schema\/person\/image\/\",\"url\":\"https:\/\/secure.gravatar.com\/avatar\/0c1038ed4facac5f8761587dc8856dc8?s=96&d=mm&r=g\",\"contentUrl\":\"https:\/\/secure.gravatar.com\/avatar\/0c1038ed4facac5f8761587dc8856dc8?s=96&d=mm&r=g\",\"caption\":\"admin\"},\"logo\":{\"@id\":\"https:\/\/laruchelacaugnaise.com\/#\/schema\/person\/image\/\"},\"sameAs\":[\"https:\/\/laruchelacaugnaise.com\"]}]}<\/script>\n<!-- \/ Yoast SEO plugin. -->","yoast_head_json":{"title":"Tarif 2023 - La Ruche Lacaugnaise","robots":{"index":"index","follow":"follow","max-snippet":"max-snippet:-1","max-image-preview":"max-image-preview:large","max-video-preview":"max-video-preview:-1"},"canonical":"https:\/\/laruchelacaugnaise.com\/?page_id=322","og_locale":"fr_FR","og_type":"article","og_title":"Tarif 2023 - La Ruche Lacaugnaise","og_url":"https:\/\/laruchelacaugnaise.com\/?page_id=322","og_site_name":"La Ruche Lacaugnaise","article_modified_time":"2023-12-24T10:58:10+00:00","twitter_card":"summary_large_image","twitter_misc":{"Dur\u00e9e de lecture estim\u00e9e":"1 minute"},"schema":{"@context":"https:\/\/schema.org","@graph":[{"@type":"WebPage","@id":"https:\/\/laruchelacaugnaise.com\/?page_id=322","url":"https:\/\/laruchelacaugnaise.com\/?page_id=322","name":"Tarif 2023 - La Ruche Lacaugnaise","isPartOf":{"@id":"https:\/\/laruchelacaugnaise.com\/#website"},"datePublished":"2020-12-16T07:14:32+00:00","dateModified":"2023-12-24T10:58:10+00:00","breadcrumb":{"@id":"https:\/\/laruchelacaugnaise.com\/?page_id=322#breadcrumb"},"inLanguage":"fr-FR","potentialAction":[{"@type":"ReadAction","target":["https:\/\/laruchelacaugnaise.com\/?page_id=322"]}]},{"@type":"BreadcrumbList","@id":"https:\/\/laruchelacaugnaise.com\/?page_id=322#breadcrumb","itemListElement":[{"@type":"ListItem","position":1,"name":"Home","item":"https:\/\/laruchelacaugnaise.com\/"},{"@type":"ListItem","position":2,"name":"Tarif 2023"}]},{"@type":"WebSite","@id":"https:\/\/laruchelacaugnaise.com\/#website","url":"https:\/\/laruchelacaugnaise.com\/","name":"La Ruche Lacaugnaise","description":"Le v\u00e9ritable gout d&#039;un miel naturel issu d&#039;une apiculture responsable de l&#039;environnement et du bien etre des abeilles .   Et parfois une touche de fantaisie dans certaines cr\u00e9ations originales ...","publisher":{"@id":"https:\/\/laruchelacaugnaise.com\/#\/schema\/person\/b19b6ef33840edd313c319057354f196"},"potentialAction":[{"@type":"SearchAction","target":{"@type":"EntryPoint","urlTemplate":"https:\/\/laruchelacaugnaise.com\/?s={search_term_string}"},"query-input":"required name=search_term_string"}],"inLanguage":"fr-FR"},{"@type":["Person","Organization"],"@id":"https:\/\/laruchelacaugnaise.com\/#\/schema\/person\/b19b6ef33840edd313c319057354f196","name":"admin","image":{"@type":"ImageObject","inLanguage":"fr-FR","@id":"https:\/\/laruchelacaugnaise.com\/#\/schema\/person\/image\/","url":"https:\/\/secure.gravatar.com\/avatar\/0c1038ed4facac5f8761587dc8856dc8?s=96&d=mm&r=g","contentUrl":"https:\/\/secure.gravatar.com\/avatar\/0c1038ed4facac5f8761587dc8856dc8?s=96&d=mm&r=g","caption":"admin"},"logo":{"@id":"https:\/\/laruchelacaugnaise.com\/#\/schema\/person\/image\/"},"sameAs":["https:\/\/laruchelacaugnaise.com"]}]}},"_links":{"self":[{"href":"https:\/\/laruchelacaugnaise.com\/index.php?rest_route=\/wp\/v2\/pages\/322"}],"collection":[{"href":"https:\/\/laruchelacaugnaise.com\/index.php?rest_route=\/wp\/v2\/pages"}],"about":[{"href":"https:\/\/laruchelacaugnaise.com\/index.php?rest_route=\/wp\/v2\/types\/page"}],"author":[{"embeddable":true,"href":"https:\/\/laruchelacaugnaise.com\/index.php?rest_route=\/wp\/v2\/users\/1"}],"replies":[{"embeddable":true,"href":"https:\/\/laruchelacaugnaise.com\/index.php?rest_route=%2Fwp%2Fv2%2Fcomments&post=322"}],"version-history":[{"count":4,"href":"https:\/\/laruchelacaugnaise.com\/index.php?rest_route=\/wp\/v2\/pages\/322\/revisions"}],"predecessor-version":[{"id":499,"href":"https:\/\/laruchelacaugnaise.com\/index.php?rest_route=\/wp\/v2\/pages\/322\/revisions\/499"}],"wp:attachment":[{"href":"https:\/\/laruchelacaugnaise.com\/index.php?rest_route=%2Fwp%2Fv2%2Fmedia&parent=322"}],"curies":[{"name":"wp","href":"https:\/\/api.w.org\/{rel}","templated":true}]}}