{"id":116,"date":"2020-12-10T14:30:53","date_gmt":"2020-12-10T14:30:53","guid":{"rendered":"https:\/\/laruchelacaugnaise.com\/?page_id=116"},"modified":"2021-01-31T15:53:00","modified_gmt":"2021-01-31T15:53:00","slug":"116-2","status":"publish","type":"page","link":"https:\/\/laruchelacaugnaise.com\/","title":{"rendered":"Accueil &#8230;."},"content":{"rendered":"\n<figure class=\"wp-block-image alignfull size-large is-style-rounded\"><img loading=\"lazy\" decoding=\"async\" width=\"1024\" height=\"544\" src=\"https:\/\/laruchelacaugnaise.com\/wp-content\/uploads\/2020\/12\/ruches-1024x544.jpg\" alt=\"\" class=\"wp-image-117\" srcset=\"https:\/\/laruchelacaugnaise.com\/wp-content\/uploads\/2020\/12\/ruches-1024x544.jpg 1024w, https:\/\/laruchelacaugnaise.com\/wp-content\/uploads\/2020\/12\/ruches-scaled-600x319.jpg 600w, https:\/\/laruchelacaugnaise.com\/wp-content\/uploads\/2020\/12\/ruches-300x159.jpg 300w, https:\/\/laruchelacaugnaise.com\/wp-content\/uploads\/2020\/12\/ruches-768x408.jpg 768w, https:\/\/laruchelacaugnaise.com\/wp-content\/uploads\/2020\/12\/ruches-1536x816.jpg 1536w, https:\/\/laruchelacaugnaise.com\/wp-content\/uploads\/2020\/12\/ruches-2048x1089.jpg 2048w\" sizes=\"(max-width: 1024px) 100vw, 1024px\" \/><figcaption>                                                                                                                                     <strong><em>Un rucher color\u00e9 pour des abeilles heureuses &#8230;<\/em><\/strong><\/figcaption><\/figure>\n\n\n\n<p class=\"has-drop-cap has-normal-font-size\">Rucher s\u00e9dentaire \u00e0 taille humaine situ\u00e9 sur les hauteurs de la vall\u00e9e de la L\u00e8ze entre Carbonne et Saint-Sulpice-sur-L\u00e8ze (50km \u00e0 l&rsquo;ouest de Toulouse ). Les abeilles butinent \u00e0 leur rythme toutes sortes de plantes ,des grandes cultures telles le Colza , le Tournesol , aux plus vari\u00e9es comme du sureau ,des fleurs des champs ,des ronces ,ainsi que les diverses essences des bois environnants (acacias ,ch\u00e8nes ,etc..) .<\/p>\n\n\n\n<p class=\"has-drop-cap has-normal-font-size\">Le miel est r\u00e9colt\u00e9 et extrait \u00e0 froid ,conditionn\u00e9 sans aucun ajout ni chauffage . Les saveurs varient en fonction des p\u00e9riodes de r\u00e9colte .Nous produisons en quantit\u00e9s restreintes un <strong><em>miel 100%naturel <\/em><\/strong>.<\/p>\n","protected":false},"excerpt":{"rendered":"<p>Rucher s\u00e9dentaire \u00e0 taille humaine situ\u00e9 sur les hauteurs de la vall\u00e9e de la L\u00e8ze entre Carbonne et Saint-Sulpice-sur-L\u00e8ze (50km&hellip;<\/p>\n","protected":false},"author":1,"featured_media":0,"parent":0,"menu_order":0,"comment_status":"closed","ping_status":"closed","template":"","meta":{"footnotes":""},"yoast_head":"<!-- This site is optimized with the Yoast SEO plugin v22.6 - https:\/\/yoast.com\/wordpress\/plugins\/seo\/ -->\n<title>Accueil .... - La Ruche Lacaugnaise<\/title>\n<meta name=\"robots\" content=\"index, follow, max-snippet:-1, max-image-preview:large, max-video-preview:-1\" \/>\n<link rel=\"canonical\" href=\"https:\/\/laruchelacaugnaise.com\/\" \/>\n<meta property=\"og:locale\" content=\"fr_FR\" \/>\n<meta property=\"og:type\" content=\"article\" \/>\n<meta property=\"og:title\" content=\"Accueil .... - La Ruche Lacaugnaise\" \/>\n<meta property=\"og:description\" content=\"Rucher s\u00e9dentaire \u00e0 taille humaine situ\u00e9 sur les hauteurs de la vall\u00e9e de la L\u00e8ze entre Carbonne et Saint-Sulpice-sur-L\u00e8ze (50km&hellip;\" \/>\n<meta property=\"og:url\" content=\"https:\/\/laruchelacaugnaise.com\/\" \/>\n<meta property=\"og:site_name\" content=\"La Ruche Lacaugnaise\" \/>\n<meta property=\"article:modified_time\" content=\"2021-01-31T15:53:00+00:00\" \/>\n<meta property=\"og:image\" content=\"https:\/\/laruchelacaugnaise.com\/wp-content\/uploads\/2020\/12\/ruches-1024x544.jpg\" \/>\n<meta name=\"twitter:card\" content=\"summary_large_image\" \/>\n<meta name=\"twitter:label1\" content=\"Dur\u00e9e de lecture estim\u00e9e\" \/>\n\t<meta name=\"twitter:data1\" content=\"1 minute\" \/>\n<script type=\"application\/ld+json\" class=\"yoast-schema-graph\">{\"@context\":\"https:\/\/schema.org\",\"@graph\":[{\"@type\":\"WebPage\",\"@id\":\"https:\/\/laruchelacaugnaise.com\/\",\"url\":\"https:\/\/laruchelacaugnaise.com\/\",\"name\":\"Accueil .... - La Ruche Lacaugnaise\",\"isPartOf\":{\"@id\":\"https:\/\/laruchelacaugnaise.com\/#website\"},\"primaryImageOfPage\":{\"@id\":\"https:\/\/laruchelacaugnaise.com\/#primaryimage\"},\"image\":{\"@id\":\"https:\/\/laruchelacaugnaise.com\/#primaryimage\"},\"thumbnailUrl\":\"https:\/\/laruchelacaugnaise.com\/wp-content\/uploads\/2020\/12\/ruches-1024x544.jpg\",\"datePublished\":\"2020-12-10T14:30:53+00:00\",\"dateModified\":\"2021-01-31T15:53:00+00:00\",\"breadcrumb\":{\"@id\":\"https:\/\/laruchelacaugnaise.com\/#breadcrumb\"},\"inLanguage\":\"fr-FR\",\"potentialAction\":[{\"@type\":\"ReadAction\",\"target\":[\"https:\/\/laruchelacaugnaise.com\/\"]}]},{\"@type\":\"ImageObject\",\"inLanguage\":\"fr-FR\",\"@id\":\"https:\/\/laruchelacaugnaise.com\/#primaryimage\",\"url\":\"https:\/\/laruchelacaugnaise.com\/wp-content\/uploads\/2020\/12\/ruches-scaled.jpg\",\"contentUrl\":\"https:\/\/laruchelacaugnaise.com\/wp-content\/uploads\/2020\/12\/ruches-scaled.jpg\",\"width\":2560,\"height\":1361},{\"@type\":\"BreadcrumbList\",\"@id\":\"https:\/\/laruchelacaugnaise.com\/#breadcrumb\",\"itemListElement\":[{\"@type\":\"ListItem\",\"position\":1,\"name\":\"Home\",\"item\":\"https:\/\/laruchelacaugnaise.com\/\"},{\"@type\":\"ListItem\",\"position\":2,\"name\":\"Accueil &#8230;.\"}]},{\"@type\":\"WebSite\",\"@id\":\"https:\/\/laruchelacaugnaise.com\/#website\",\"url\":\"https:\/\/laruchelacaugnaise.com\/\",\"name\":\"La Ruche Lacaugnaise\",\"description\":\"Le v\u00e9ritable gout d&#039;un miel naturel issu d&#039;une apiculture responsable de l&#039;environnement et du bien etre des abeilles .   Et parfois une touche de fantaisie dans certaines cr\u00e9ations originales ...\",\"publisher\":{\"@id\":\"https:\/\/laruchelacaugnaise.com\/#\/schema\/person\/b19b6ef33840edd313c319057354f196\"},\"potentialAction\":[{\"@type\":\"SearchAction\",\"target\":{\"@type\":\"EntryPoint\",\"urlTemplate\":\"https:\/\/laruchelacaugnaise.com\/?s={search_term_string}\"},\"query-input\":\"required name=search_term_string\"}],\"inLanguage\":\"fr-FR\"},{\"@type\":[\"Person\",\"Organization\"],\"@id\":\"https:\/\/laruchelacaugnaise.com\/#\/schema\/person\/b19b6ef33840edd313c319057354f196\",\"name\":\"admin\",\"image\":{\"@type\":\"ImageObject\",\"inLanguage\":\"fr-FR\",\"@id\":\"https:\/\/laruchelacaugnaise.com\/#\/schema\/person\/image\/\",\"url\":\"https:\/\/secure.gravatar.com\/avatar\/0c1038ed4facac5f8761587dc8856dc8?s=96&d=mm&r=g\",\"contentUrl\":\"https:\/\/secure.gravatar.com\/avatar\/0c1038ed4facac5f8761587dc8856dc8?s=96&d=mm&r=g\",\"caption\":\"admin\"},\"logo\":{\"@id\":\"https:\/\/laruchelacaugnaise.com\/#\/schema\/person\/image\/\"},\"sameAs\":[\"https:\/\/laruchelacaugnaise.com\"]}]}<\/script>\n<!-- \/ Yoast SEO plugin. -->","yoast_head_json":{"title":"Accueil .... - La Ruche Lacaugnaise","robots":{"index":"index","follow":"follow","max-snippet":"max-snippet:-1","max-image-preview":"max-image-preview:large","max-video-preview":"max-video-preview:-1"},"canonical":"https:\/\/laruchelacaugnaise.com\/","og_locale":"fr_FR","og_type":"article","og_title":"Accueil .... - La Ruche Lacaugnaise","og_description":"Rucher s\u00e9dentaire \u00e0 taille humaine situ\u00e9 sur les hauteurs de la vall\u00e9e de la L\u00e8ze entre Carbonne et Saint-Sulpice-sur-L\u00e8ze (50km&hellip;","og_url":"https:\/\/laruchelacaugnaise.com\/","og_site_name":"La Ruche Lacaugnaise","article_modified_time":"2021-01-31T15:53:00+00:00","og_image":[{"url":"https:\/\/laruchelacaugnaise.com\/wp-content\/uploads\/2020\/12\/ruches-1024x544.jpg"}],"twitter_card":"summary_large_image","twitter_misc":{"Dur\u00e9e de lecture estim\u00e9e":"1 minute"},"schema":{"@context":"https:\/\/schema.org","@graph":[{"@type":"WebPage","@id":"https:\/\/laruchelacaugnaise.com\/","url":"https:\/\/laruchelacaugnaise.com\/","name":"Accueil .... - La Ruche Lacaugnaise","isPartOf":{"@id":"https:\/\/laruchelacaugnaise.com\/#website"},"primaryImageOfPage":{"@id":"https:\/\/laruchelacaugnaise.com\/#primaryimage"},"image":{"@id":"https:\/\/laruchelacaugnaise.com\/#primaryimage"},"thumbnailUrl":"https:\/\/laruchelacaugnaise.com\/wp-content\/uploads\/2020\/12\/ruches-1024x544.jpg","datePublished":"2020-12-10T14:30:53+00:00","dateModified":"2021-01-31T15:53:00+00:00","breadcrumb":{"@id":"https:\/\/laruchelacaugnaise.com\/#breadcrumb"},"inLanguage":"fr-FR","potentialAction":[{"@type":"ReadAction","target":["https:\/\/laruchelacaugnaise.com\/"]}]},{"@type":"ImageObject","inLanguage":"fr-FR","@id":"https:\/\/laruchelacaugnaise.com\/#primaryimage","url":"https:\/\/laruchelacaugnaise.com\/wp-content\/uploads\/2020\/12\/ruches-scaled.jpg","contentUrl":"https:\/\/laruchelacaugnaise.com\/wp-content\/uploads\/2020\/12\/ruches-scaled.jpg","width":2560,"height":1361},{"@type":"BreadcrumbList","@id":"https:\/\/laruchelacaugnaise.com\/#breadcrumb","itemListElement":[{"@type":"ListItem","position":1,"name":"Home","item":"https:\/\/laruchelacaugnaise.com\/"},{"@type":"ListItem","position":2,"name":"Accueil &#8230;."}]},{"@type":"WebSite","@id":"https:\/\/laruchelacaugnaise.com\/#website","url":"https:\/\/laruchelacaugnaise.com\/","name":"La Ruche Lacaugnaise","description":"Le v\u00e9ritable gout d&#039;un miel naturel issu d&#039;une apiculture responsable de l&#039;environnement et du bien etre des abeilles .   Et parfois une touche de fantaisie dans certaines cr\u00e9ations originales ...","publisher":{"@id":"https:\/\/laruchelacaugnaise.com\/#\/schema\/person\/b19b6ef33840edd313c319057354f196"},"potentialAction":[{"@type":"SearchAction","target":{"@type":"EntryPoint","urlTemplate":"https:\/\/laruchelacaugnaise.com\/?s={search_term_string}"},"query-input":"required name=search_term_string"}],"inLanguage":"fr-FR"},{"@type":["Person","Organization"],"@id":"https:\/\/laruchelacaugnaise.com\/#\/schema\/person\/b19b6ef33840edd313c319057354f196","name":"admin","image":{"@type":"ImageObject","inLanguage":"fr-FR","@id":"https:\/\/laruchelacaugnaise.com\/#\/schema\/person\/image\/","url":"https:\/\/secure.gravatar.com\/avatar\/0c1038ed4facac5f8761587dc8856dc8?s=96&d=mm&r=g","contentUrl":"https:\/\/secure.gravatar.com\/avatar\/0c1038ed4facac5f8761587dc8856dc8?s=96&d=mm&r=g","caption":"admin"},"logo":{"@id":"https:\/\/laruchelacaugnaise.com\/#\/schema\/person\/image\/"},"sameAs":["https:\/\/laruchelacaugnaise.com"]}]}},"_links":{"self":[{"href":"https:\/\/laruchelacaugnaise.com\/index.php?rest_route=\/wp\/v2\/pages\/116"}],"collection":[{"href":"https:\/\/laruchelacaugnaise.com\/index.php?rest_route=\/wp\/v2\/pages"}],"about":[{"href":"https:\/\/laruchelacaugnaise.com\/index.php?rest_route=\/wp\/v2\/types\/page"}],"author":[{"embeddable":true,"href":"https:\/\/laruchelacaugnaise.com\/index.php?rest_route=\/wp\/v2\/users\/1"}],"replies":[{"embeddable":true,"href":"https:\/\/laruchelacaugnaise.com\/index.php?rest_route=%2Fwp%2Fv2%2Fcomments&post=116"}],"version-history":[{"count":7,"href":"https:\/\/laruchelacaugnaise.com\/index.php?rest_route=\/wp\/v2\/pages\/116\/revisions"}],"predecessor-version":[{"id":411,"href":"https:\/\/laruchelacaugnaise.com\/index.php?rest_route=\/wp\/v2\/pages\/116\/revisions\/411"}],"wp:attachment":[{"href":"https:\/\/laruchelacaugnaise.com\/index.php?rest_route=%2Fwp%2Fv2%2Fmedia&parent=116"}],"curies":[{"name":"wp","href":"https:\/\/api.w.org\/{rel}","templated":true}]}}